{"id":390,"date":"2023-12-21T16:18:06","date_gmt":"2023-12-21T15:18:06","guid":{"rendered":"https:\/\/laperseverance.org\/?page_id=390"},"modified":"2024-09-06T17:19:30","modified_gmt":"2024-09-06T15:19:30","slug":"loge-la-perseverance-mentions-legales","status":"publish","type":"page","link":"https:\/\/laperseverance.org\/index.php\/loge-la-perseverance-mentions-legales\/","title":{"rendered":"Mentions l\u00e9gales"},"content":{"rendered":"","protected":false},"excerpt":{"rendered":"","protected":false},"author":1,"featured_media":0,"parent":0,"menu_order":0,"comment_status":"closed","ping_status":"closed","template":"elementor_theme","meta":{"saved_in_kubio":true,"footnotes":""},"class_list":["post-390","page","type-page","status-publish","hentry"],"kubio_ai_page_context":{"short_desc":"","purpose":"general"},"yoast_head":"<!-- This site is optimized with the Yoast SEO plugin v27.4 - https:\/\/yoast.com\/product\/yoast-seo-wordpress\/ -->\n<title>Loge La Pers\u00e9v\u00e9rance - mentions l\u00e9gales<\/title>\n<meta name=\"description\" content=\"La Pers\u00e9v\u00e9rance est une loge du Grand Orient de France, 16 rue Cadet, 75009 PARIS. Elle se r\u00e9unit \u00e0 Saumur\" \/>\n<meta name=\"robots\" content=\"index, follow, max-snippet:-1, max-image-preview:large, max-video-preview:-1\" \/>\n<link rel=\"canonical\" href=\"https:\/\/laperseverance.org\/index.php\/loge-la-perseverance-mentions-legales\/\" \/>\n<meta property=\"og:locale\" content=\"fr_FR\" \/>\n<meta property=\"og:type\" content=\"article\" \/>\n<meta property=\"og:title\" content=\"Loge La Pers\u00e9v\u00e9rance - mentions l\u00e9gales\" \/>\n<meta property=\"og:description\" content=\"La Pers\u00e9v\u00e9rance est une loge du Grand Orient de France, 16 rue Cadet, 75009 PARIS. Elle se r\u00e9unit \u00e0 Saumur\" \/>\n<meta property=\"og:url\" content=\"https:\/\/laperseverance.org\/index.php\/loge-la-perseverance-mentions-legales\/\" \/>\n<meta property=\"og:site_name\" content=\"Loge La Pers\u00e9v\u00e9rance\" \/>\n<meta property=\"article:modified_time\" content=\"2024-09-06T15:19:30+00:00\" \/>\n<meta property=\"og:image\" content=\"https:\/\/laperseverance.org\/wp-content\/uploads\/2024\/01\/DSC_5754-copie-1.jpg\" \/>\n<meta name=\"twitter:card\" content=\"summary_large_image\" \/>\n<script type=\"application\/ld+json\" class=\"yoast-schema-graph\">{\"@context\":\"https:\\\/\\\/schema.org\",\"@graph\":[{\"@type\":\"WebPage\",\"@id\":\"https:\\\/\\\/laperseverance.org\\\/index.php\\\/loge-la-perseverance-mentions-legales\\\/\",\"url\":\"https:\\\/\\\/laperseverance.org\\\/index.php\\\/loge-la-perseverance-mentions-legales\\\/\",\"name\":\"Loge La Pers\u00e9v\u00e9rance - mentions l\u00e9gales\",\"isPartOf\":{\"@id\":\"https:\\\/\\\/laperseverance.org\\\/#website\"},\"primaryImageOfPage\":{\"@id\":\"https:\\\/\\\/laperseverance.org\\\/index.php\\\/loge-la-perseverance-mentions-legales\\\/#primaryimage\"},\"image\":{\"@id\":\"https:\\\/\\\/laperseverance.org\\\/index.php\\\/loge-la-perseverance-mentions-legales\\\/#primaryimage\"},\"thumbnailUrl\":\"https:\\\/\\\/laperseverance.org\\\/wp-content\\\/uploads\\\/2024\\\/01\\\/DSC_5754-copie-1.jpg\",\"datePublished\":\"2023-12-21T15:18:06+00:00\",\"dateModified\":\"2024-09-06T15:19:30+00:00\",\"description\":\"La Pers\u00e9v\u00e9rance est une loge du Grand Orient de France, 16 rue Cadet, 75009 PARIS. Elle se r\u00e9unit \u00e0 Saumur\",\"breadcrumb\":{\"@id\":\"https:\\\/\\\/laperseverance.org\\\/index.php\\\/loge-la-perseverance-mentions-legales\\\/#breadcrumb\"},\"inLanguage\":\"fr-FR\",\"potentialAction\":[{\"@type\":\"ReadAction\",\"target\":[\"https:\\\/\\\/laperseverance.org\\\/index.php\\\/loge-la-perseverance-mentions-legales\\\/\"]}]},{\"@type\":\"ImageObject\",\"inLanguage\":\"fr-FR\",\"@id\":\"https:\\\/\\\/laperseverance.org\\\/index.php\\\/loge-la-perseverance-mentions-legales\\\/#primaryimage\",\"url\":\"https:\\\/\\\/laperseverance.org\\\/wp-content\\\/uploads\\\/2024\\\/01\\\/DSC_5754-copie-1.jpg\",\"contentUrl\":\"https:\\\/\\\/laperseverance.org\\\/wp-content\\\/uploads\\\/2024\\\/01\\\/DSC_5754-copie-1.jpg\",\"width\":787,\"height\":1023},{\"@type\":\"BreadcrumbList\",\"@id\":\"https:\\\/\\\/laperseverance.org\\\/index.php\\\/loge-la-perseverance-mentions-legales\\\/#breadcrumb\",\"itemListElement\":[{\"@type\":\"ListItem\",\"position\":1,\"name\":\"Accueil\",\"item\":\"https:\\\/\\\/laperseverance.org\\\/\"},{\"@type\":\"ListItem\",\"position\":2,\"name\":\"Mentions l\u00e9gales\"}]},{\"@type\":\"WebSite\",\"@id\":\"https:\\\/\\\/laperseverance.org\\\/#website\",\"url\":\"https:\\\/\\\/laperseverance.org\\\/\",\"name\":\"Loge ma\u00e7onnique La Pers\u00e9v\u00e9rance\",\"description\":\"Loge ma\u00e7onnique du Grand Orient de France \u00e0 Saumur\",\"publisher\":{\"@id\":\"https:\\\/\\\/laperseverance.org\\\/#organization\"},\"alternateName\":\"La Pers\u00e9v\u00e9rance\",\"potentialAction\":[{\"@type\":\"SearchAction\",\"target\":{\"@type\":\"EntryPoint\",\"urlTemplate\":\"https:\\\/\\\/laperseverance.org\\\/?s={search_term_string}\"},\"query-input\":{\"@type\":\"PropertyValueSpecification\",\"valueRequired\":true,\"valueName\":\"search_term_string\"}}],\"inLanguage\":\"fr-FR\"},{\"@type\":\"Organization\",\"@id\":\"https:\\\/\\\/laperseverance.org\\\/#organization\",\"name\":\"Loge ma\u00e7onnique La Pers\u00e9v\u00e9rance\",\"url\":\"https:\\\/\\\/laperseverance.org\\\/\",\"logo\":{\"@type\":\"ImageObject\",\"inLanguage\":\"fr-FR\",\"@id\":\"https:\\\/\\\/laperseverance.org\\\/#\\\/schema\\\/logo\\\/image\\\/\",\"url\":\"https:\\\/\\\/laperseverance.org\\\/wp-content\\\/uploads\\\/2023\\\/12\\\/logo_LP.png\",\"contentUrl\":\"https:\\\/\\\/laperseverance.org\\\/wp-content\\\/uploads\\\/2023\\\/12\\\/logo_LP.png\",\"width\":120,\"height\":113,\"caption\":\"Loge ma\u00e7onnique La Pers\u00e9v\u00e9rance\"},\"image\":{\"@id\":\"https:\\\/\\\/laperseverance.org\\\/#\\\/schema\\\/logo\\\/image\\\/\"}}]}<\/script>\n<!-- \/ Yoast SEO plugin. -->","yoast_head_json":{"title":"Loge La Pers\u00e9v\u00e9rance - mentions l\u00e9gales","description":"La Pers\u00e9v\u00e9rance est une loge du Grand Orient de France, 16 rue Cadet, 75009 PARIS. Elle se r\u00e9unit \u00e0 Saumur","robots":{"index":"index","follow":"follow","max-snippet":"max-snippet:-1","max-image-preview":"max-image-preview:large","max-video-preview":"max-video-preview:-1"},"canonical":"https:\/\/laperseverance.org\/index.php\/loge-la-perseverance-mentions-legales\/","og_locale":"fr_FR","og_type":"article","og_title":"Loge La Pers\u00e9v\u00e9rance - mentions l\u00e9gales","og_description":"La Pers\u00e9v\u00e9rance est une loge du Grand Orient de France, 16 rue Cadet, 75009 PARIS. Elle se r\u00e9unit \u00e0 Saumur","og_url":"https:\/\/laperseverance.org\/index.php\/loge-la-perseverance-mentions-legales\/","og_site_name":"Loge La Pers\u00e9v\u00e9rance","article_modified_time":"2024-09-06T15:19:30+00:00","og_image":[{"url":"https:\/\/laperseverance.org\/wp-content\/uploads\/2024\/01\/DSC_5754-copie-1.jpg","type":"","width":"","height":""}],"twitter_card":"summary_large_image","schema":{"@context":"https:\/\/schema.org","@graph":[{"@type":"WebPage","@id":"https:\/\/laperseverance.org\/index.php\/loge-la-perseverance-mentions-legales\/","url":"https:\/\/laperseverance.org\/index.php\/loge-la-perseverance-mentions-legales\/","name":"Loge La Pers\u00e9v\u00e9rance - mentions l\u00e9gales","isPartOf":{"@id":"https:\/\/laperseverance.org\/#website"},"primaryImageOfPage":{"@id":"https:\/\/laperseverance.org\/index.php\/loge-la-perseverance-mentions-legales\/#primaryimage"},"image":{"@id":"https:\/\/laperseverance.org\/index.php\/loge-la-perseverance-mentions-legales\/#primaryimage"},"thumbnailUrl":"https:\/\/laperseverance.org\/wp-content\/uploads\/2024\/01\/DSC_5754-copie-1.jpg","datePublished":"2023-12-21T15:18:06+00:00","dateModified":"2024-09-06T15:19:30+00:00","description":"La Pers\u00e9v\u00e9rance est une loge du Grand Orient de France, 16 rue Cadet, 75009 PARIS. Elle se r\u00e9unit \u00e0 Saumur","breadcrumb":{"@id":"https:\/\/laperseverance.org\/index.php\/loge-la-perseverance-mentions-legales\/#breadcrumb"},"inLanguage":"fr-FR","potentialAction":[{"@type":"ReadAction","target":["https:\/\/laperseverance.org\/index.php\/loge-la-perseverance-mentions-legales\/"]}]},{"@type":"ImageObject","inLanguage":"fr-FR","@id":"https:\/\/laperseverance.org\/index.php\/loge-la-perseverance-mentions-legales\/#primaryimage","url":"https:\/\/laperseverance.org\/wp-content\/uploads\/2024\/01\/DSC_5754-copie-1.jpg","contentUrl":"https:\/\/laperseverance.org\/wp-content\/uploads\/2024\/01\/DSC_5754-copie-1.jpg","width":787,"height":1023},{"@type":"BreadcrumbList","@id":"https:\/\/laperseverance.org\/index.php\/loge-la-perseverance-mentions-legales\/#breadcrumb","itemListElement":[{"@type":"ListItem","position":1,"name":"Accueil","item":"https:\/\/laperseverance.org\/"},{"@type":"ListItem","position":2,"name":"Mentions l\u00e9gales"}]},{"@type":"WebSite","@id":"https:\/\/laperseverance.org\/#website","url":"https:\/\/laperseverance.org\/","name":"Loge ma\u00e7onnique La Pers\u00e9v\u00e9rance","description":"Loge ma\u00e7onnique du Grand Orient de France \u00e0 Saumur","publisher":{"@id":"https:\/\/laperseverance.org\/#organization"},"alternateName":"La Pers\u00e9v\u00e9rance","potentialAction":[{"@type":"SearchAction","target":{"@type":"EntryPoint","urlTemplate":"https:\/\/laperseverance.org\/?s={search_term_string}"},"query-input":{"@type":"PropertyValueSpecification","valueRequired":true,"valueName":"search_term_string"}}],"inLanguage":"fr-FR"},{"@type":"Organization","@id":"https:\/\/laperseverance.org\/#organization","name":"Loge ma\u00e7onnique La Pers\u00e9v\u00e9rance","url":"https:\/\/laperseverance.org\/","logo":{"@type":"ImageObject","inLanguage":"fr-FR","@id":"https:\/\/laperseverance.org\/#\/schema\/logo\/image\/","url":"https:\/\/laperseverance.org\/wp-content\/uploads\/2023\/12\/logo_LP.png","contentUrl":"https:\/\/laperseverance.org\/wp-content\/uploads\/2023\/12\/logo_LP.png","width":120,"height":113,"caption":"Loge ma\u00e7onnique La Pers\u00e9v\u00e9rance"},"image":{"@id":"https:\/\/laperseverance.org\/#\/schema\/logo\/image\/"}}]}},"_links":{"self":[{"href":"https:\/\/laperseverance.org\/index.php\/wp-json\/wp\/v2\/pages\/390","targetHints":{"allow":["GET"]}}],"collection":[{"href":"https:\/\/laperseverance.org\/index.php\/wp-json\/wp\/v2\/pages"}],"about":[{"href":"https:\/\/laperseverance.org\/index.php\/wp-json\/wp\/v2\/types\/page"}],"author":[{"embeddable":true,"href":"https:\/\/laperseverance.org\/index.php\/wp-json\/wp\/v2\/users\/1"}],"replies":[{"embeddable":true,"href":"https:\/\/laperseverance.org\/index.php\/wp-json\/wp\/v2\/comments?post=390"}],"version-history":[{"count":48,"href":"https:\/\/laperseverance.org\/index.php\/wp-json\/wp\/v2\/pages\/390\/revisions"}],"predecessor-version":[{"id":1442,"href":"https:\/\/laperseverance.org\/index.php\/wp-json\/wp\/v2\/pages\/390\/revisions\/1442"}],"wp:attachment":[{"href":"https:\/\/laperseverance.org\/index.php\/wp-json\/wp\/v2\/media?parent=390"}],"curies":[{"name":"wp","href":"https:\/\/api.w.org\/{rel}","templated":true}]}}