{"id":370,"date":"2023-12-21T15:52:36","date_gmt":"2023-12-21T14:52:36","guid":{"rendered":"https:\/\/laperseverance.org\/?page_id=370"},"modified":"2026-02-21T21:27:53","modified_gmt":"2026-02-21T20:27:53","slug":"qui-sont-les-francs-macons-de-la-perseverance","status":"publish","type":"page","link":"https:\/\/laperseverance.org\/index.php\/qui-sont-les-francs-macons-de-la-perseverance\/","title":{"rendered":"Qui sommes-nous ?"},"content":{"rendered":"","protected":false},"excerpt":{"rendered":"","protected":false},"author":1,"featured_media":0,"parent":0,"menu_order":0,"comment_status":"closed","ping_status":"closed","template":"elementor_theme","meta":{"saved_in_kubio":true,"footnotes":""},"class_list":["post-370","page","type-page","status-publish","hentry"],"kubio_ai_page_context":{"short_desc":"","purpose":"general"},"yoast_head":"<!-- This site is optimized with the Yoast SEO plugin v27.5 - https:\/\/yoast.com\/product\/yoast-seo-wordpress\/ -->\n<title>Qui sont les francs-ma\u00e7ons de la loge La Pers\u00e9v\u00e9rance ?<\/title>\n<meta name=\"description\" content=\"Les francs-ma\u00e7on(ne)s de La Pers\u00e9v\u00e9rance travaillent \u00e0 l&#039;am\u00e9lioration morale et au perfectionnement intellectuel des \u00eatres humains\" \/>\n<meta name=\"robots\" content=\"index, follow, max-snippet:-1, max-image-preview:large, max-video-preview:-1\" \/>\n<link rel=\"canonical\" href=\"https:\/\/laperseverance.org\/index.php\/qui-sont-les-francs-macons-de-la-perseverance\/\" \/>\n<meta property=\"og:locale\" content=\"fr_FR\" \/>\n<meta property=\"og:type\" content=\"article\" \/>\n<meta property=\"og:title\" content=\"Qui sont les francs-ma\u00e7ons de la loge La Pers\u00e9v\u00e9rance ?\" \/>\n<meta property=\"og:description\" content=\"Les francs-ma\u00e7on(ne)s de La Pers\u00e9v\u00e9rance travaillent \u00e0 l&#039;am\u00e9lioration morale et au perfectionnement intellectuel des \u00eatres humains\" \/>\n<meta property=\"og:url\" content=\"https:\/\/laperseverance.org\/index.php\/qui-sont-les-francs-macons-de-la-perseverance\/\" \/>\n<meta property=\"og:site_name\" content=\"Loge La Pers\u00e9v\u00e9rance\" \/>\n<meta property=\"article:modified_time\" content=\"2026-02-21T20:27:53+00:00\" \/>\n<meta name=\"twitter:card\" content=\"summary_large_image\" \/>\n<script type=\"application\/ld+json\" class=\"yoast-schema-graph\">{\"@context\":\"https:\\\/\\\/schema.org\",\"@graph\":[{\"@type\":\"Article\",\"@id\":\"https:\\\/\\\/laperseverance.org\\\/index.php\\\/qui-sont-les-francs-macons-de-la-perseverance\\\/#article\",\"isPartOf\":{\"@id\":\"https:\\\/\\\/laperseverance.org\\\/index.php\\\/qui-sont-les-francs-macons-de-la-perseverance\\\/\"},\"author\":{\"name\":\"admin8512\",\"@id\":\"https:\\\/\\\/laperseverance.org\\\/#\\\/schema\\\/person\\\/196bf46930d45b6b3ca430d688b51f9b\"},\"headline\":\"Qui sommes-nous ?\",\"datePublished\":\"2023-12-21T14:52:36+00:00\",\"dateModified\":\"2026-02-21T20:27:53+00:00\",\"mainEntityOfPage\":{\"@id\":\"https:\\\/\\\/laperseverance.org\\\/index.php\\\/qui-sont-les-francs-macons-de-la-perseverance\\\/\"},\"wordCount\":498,\"publisher\":{\"@id\":\"https:\\\/\\\/laperseverance.org\\\/#organization\"},\"inLanguage\":\"fr-FR\"},{\"@type\":\"WebPage\",\"@id\":\"https:\\\/\\\/laperseverance.org\\\/index.php\\\/qui-sont-les-francs-macons-de-la-perseverance\\\/\",\"url\":\"https:\\\/\\\/laperseverance.org\\\/index.php\\\/qui-sont-les-francs-macons-de-la-perseverance\\\/\",\"name\":\"Qui sont les francs-ma\u00e7ons de la loge La Pers\u00e9v\u00e9rance ?\",\"isPartOf\":{\"@id\":\"https:\\\/\\\/laperseverance.org\\\/#website\"},\"datePublished\":\"2023-12-21T14:52:36+00:00\",\"dateModified\":\"2026-02-21T20:27:53+00:00\",\"description\":\"Les francs-ma\u00e7on(ne)s de La Pers\u00e9v\u00e9rance travaillent \u00e0 l'am\u00e9lioration morale et au perfectionnement intellectuel des \u00eatres humains\",\"breadcrumb\":{\"@id\":\"https:\\\/\\\/laperseverance.org\\\/index.php\\\/qui-sont-les-francs-macons-de-la-perseverance\\\/#breadcrumb\"},\"inLanguage\":\"fr-FR\",\"potentialAction\":[{\"@type\":\"ReadAction\",\"target\":[\"https:\\\/\\\/laperseverance.org\\\/index.php\\\/qui-sont-les-francs-macons-de-la-perseverance\\\/\"]}]},{\"@type\":\"BreadcrumbList\",\"@id\":\"https:\\\/\\\/laperseverance.org\\\/index.php\\\/qui-sont-les-francs-macons-de-la-perseverance\\\/#breadcrumb\",\"itemListElement\":[{\"@type\":\"ListItem\",\"position\":1,\"name\":\"Accueil\",\"item\":\"https:\\\/\\\/laperseverance.org\\\/\"},{\"@type\":\"ListItem\",\"position\":2,\"name\":\"Qui sommes-nous ?\"}]},{\"@type\":\"WebSite\",\"@id\":\"https:\\\/\\\/laperseverance.org\\\/#website\",\"url\":\"https:\\\/\\\/laperseverance.org\\\/\",\"name\":\"Loge ma\u00e7onnique La Pers\u00e9v\u00e9rance\",\"description\":\"Loge ma\u00e7onnique du Grand Orient de France \u00e0 Saumur\",\"publisher\":{\"@id\":\"https:\\\/\\\/laperseverance.org\\\/#organization\"},\"alternateName\":\"La Pers\u00e9v\u00e9rance\",\"potentialAction\":[{\"@type\":\"SearchAction\",\"target\":{\"@type\":\"EntryPoint\",\"urlTemplate\":\"https:\\\/\\\/laperseverance.org\\\/?s={search_term_string}\"},\"query-input\":{\"@type\":\"PropertyValueSpecification\",\"valueRequired\":true,\"valueName\":\"search_term_string\"}}],\"inLanguage\":\"fr-FR\"},{\"@type\":\"Organization\",\"@id\":\"https:\\\/\\\/laperseverance.org\\\/#organization\",\"name\":\"Loge ma\u00e7onnique La Pers\u00e9v\u00e9rance\",\"url\":\"https:\\\/\\\/laperseverance.org\\\/\",\"logo\":{\"@type\":\"ImageObject\",\"inLanguage\":\"fr-FR\",\"@id\":\"https:\\\/\\\/laperseverance.org\\\/#\\\/schema\\\/logo\\\/image\\\/\",\"url\":\"https:\\\/\\\/laperseverance.org\\\/wp-content\\\/uploads\\\/2023\\\/12\\\/logo_LP.png\",\"contentUrl\":\"https:\\\/\\\/laperseverance.org\\\/wp-content\\\/uploads\\\/2023\\\/12\\\/logo_LP.png\",\"width\":120,\"height\":113,\"caption\":\"Loge ma\u00e7onnique La Pers\u00e9v\u00e9rance\"},\"image\":{\"@id\":\"https:\\\/\\\/laperseverance.org\\\/#\\\/schema\\\/logo\\\/image\\\/\"}},{\"@type\":\"Person\",\"@id\":\"https:\\\/\\\/laperseverance.org\\\/#\\\/schema\\\/person\\\/196bf46930d45b6b3ca430d688b51f9b\",\"name\":\"admin8512\",\"image\":{\"@type\":\"ImageObject\",\"inLanguage\":\"fr-FR\",\"@id\":\"https:\\\/\\\/secure.gravatar.com\\\/avatar\\\/5aabd924a477aa14020388cf768f384739563aedc789ec9c5ab470617329107b?s=96&d=mm&r=g\",\"url\":\"https:\\\/\\\/secure.gravatar.com\\\/avatar\\\/5aabd924a477aa14020388cf768f384739563aedc789ec9c5ab470617329107b?s=96&d=mm&r=g\",\"contentUrl\":\"https:\\\/\\\/secure.gravatar.com\\\/avatar\\\/5aabd924a477aa14020388cf768f384739563aedc789ec9c5ab470617329107b?s=96&d=mm&r=g\",\"caption\":\"admin8512\"},\"sameAs\":[\"http:\\\/\\\/laperseverance.org\"],\"url\":\"https:\\\/\\\/laperseverance.org\\\/index.php\\\/author\\\/admin8512\\\/\"}]}<\/script>\n<!-- \/ Yoast SEO plugin. -->","yoast_head_json":{"title":"Qui sont les francs-ma\u00e7ons de la loge La Pers\u00e9v\u00e9rance ?","description":"Les francs-ma\u00e7on(ne)s de La Pers\u00e9v\u00e9rance travaillent \u00e0 l'am\u00e9lioration morale et au perfectionnement intellectuel des \u00eatres humains","robots":{"index":"index","follow":"follow","max-snippet":"max-snippet:-1","max-image-preview":"max-image-preview:large","max-video-preview":"max-video-preview:-1"},"canonical":"https:\/\/laperseverance.org\/index.php\/qui-sont-les-francs-macons-de-la-perseverance\/","og_locale":"fr_FR","og_type":"article","og_title":"Qui sont les francs-ma\u00e7ons de la loge La Pers\u00e9v\u00e9rance ?","og_description":"Les francs-ma\u00e7on(ne)s de La Pers\u00e9v\u00e9rance travaillent \u00e0 l'am\u00e9lioration morale et au perfectionnement intellectuel des \u00eatres humains","og_url":"https:\/\/laperseverance.org\/index.php\/qui-sont-les-francs-macons-de-la-perseverance\/","og_site_name":"Loge La Pers\u00e9v\u00e9rance","article_modified_time":"2026-02-21T20:27:53+00:00","twitter_card":"summary_large_image","schema":{"@context":"https:\/\/schema.org","@graph":[{"@type":"Article","@id":"https:\/\/laperseverance.org\/index.php\/qui-sont-les-francs-macons-de-la-perseverance\/#article","isPartOf":{"@id":"https:\/\/laperseverance.org\/index.php\/qui-sont-les-francs-macons-de-la-perseverance\/"},"author":{"name":"admin8512","@id":"https:\/\/laperseverance.org\/#\/schema\/person\/196bf46930d45b6b3ca430d688b51f9b"},"headline":"Qui sommes-nous ?","datePublished":"2023-12-21T14:52:36+00:00","dateModified":"2026-02-21T20:27:53+00:00","mainEntityOfPage":{"@id":"https:\/\/laperseverance.org\/index.php\/qui-sont-les-francs-macons-de-la-perseverance\/"},"wordCount":498,"publisher":{"@id":"https:\/\/laperseverance.org\/#organization"},"inLanguage":"fr-FR"},{"@type":"WebPage","@id":"https:\/\/laperseverance.org\/index.php\/qui-sont-les-francs-macons-de-la-perseverance\/","url":"https:\/\/laperseverance.org\/index.php\/qui-sont-les-francs-macons-de-la-perseverance\/","name":"Qui sont les francs-ma\u00e7ons de la loge La Pers\u00e9v\u00e9rance ?","isPartOf":{"@id":"https:\/\/laperseverance.org\/#website"},"datePublished":"2023-12-21T14:52:36+00:00","dateModified":"2026-02-21T20:27:53+00:00","description":"Les francs-ma\u00e7on(ne)s de La Pers\u00e9v\u00e9rance travaillent \u00e0 l'am\u00e9lioration morale et au perfectionnement intellectuel des \u00eatres humains","breadcrumb":{"@id":"https:\/\/laperseverance.org\/index.php\/qui-sont-les-francs-macons-de-la-perseverance\/#breadcrumb"},"inLanguage":"fr-FR","potentialAction":[{"@type":"ReadAction","target":["https:\/\/laperseverance.org\/index.php\/qui-sont-les-francs-macons-de-la-perseverance\/"]}]},{"@type":"BreadcrumbList","@id":"https:\/\/laperseverance.org\/index.php\/qui-sont-les-francs-macons-de-la-perseverance\/#breadcrumb","itemListElement":[{"@type":"ListItem","position":1,"name":"Accueil","item":"https:\/\/laperseverance.org\/"},{"@type":"ListItem","position":2,"name":"Qui sommes-nous ?"}]},{"@type":"WebSite","@id":"https:\/\/laperseverance.org\/#website","url":"https:\/\/laperseverance.org\/","name":"Loge ma\u00e7onnique La Pers\u00e9v\u00e9rance","description":"Loge ma\u00e7onnique du Grand Orient de France \u00e0 Saumur","publisher":{"@id":"https:\/\/laperseverance.org\/#organization"},"alternateName":"La Pers\u00e9v\u00e9rance","potentialAction":[{"@type":"SearchAction","target":{"@type":"EntryPoint","urlTemplate":"https:\/\/laperseverance.org\/?s={search_term_string}"},"query-input":{"@type":"PropertyValueSpecification","valueRequired":true,"valueName":"search_term_string"}}],"inLanguage":"fr-FR"},{"@type":"Organization","@id":"https:\/\/laperseverance.org\/#organization","name":"Loge ma\u00e7onnique La Pers\u00e9v\u00e9rance","url":"https:\/\/laperseverance.org\/","logo":{"@type":"ImageObject","inLanguage":"fr-FR","@id":"https:\/\/laperseverance.org\/#\/schema\/logo\/image\/","url":"https:\/\/laperseverance.org\/wp-content\/uploads\/2023\/12\/logo_LP.png","contentUrl":"https:\/\/laperseverance.org\/wp-content\/uploads\/2023\/12\/logo_LP.png","width":120,"height":113,"caption":"Loge ma\u00e7onnique La Pers\u00e9v\u00e9rance"},"image":{"@id":"https:\/\/laperseverance.org\/#\/schema\/logo\/image\/"}},{"@type":"Person","@id":"https:\/\/laperseverance.org\/#\/schema\/person\/196bf46930d45b6b3ca430d688b51f9b","name":"admin8512","image":{"@type":"ImageObject","inLanguage":"fr-FR","@id":"https:\/\/secure.gravatar.com\/avatar\/5aabd924a477aa14020388cf768f384739563aedc789ec9c5ab470617329107b?s=96&d=mm&r=g","url":"https:\/\/secure.gravatar.com\/avatar\/5aabd924a477aa14020388cf768f384739563aedc789ec9c5ab470617329107b?s=96&d=mm&r=g","contentUrl":"https:\/\/secure.gravatar.com\/avatar\/5aabd924a477aa14020388cf768f384739563aedc789ec9c5ab470617329107b?s=96&d=mm&r=g","caption":"admin8512"},"sameAs":["http:\/\/laperseverance.org"],"url":"https:\/\/laperseverance.org\/index.php\/author\/admin8512\/"}]}},"_links":{"self":[{"href":"https:\/\/laperseverance.org\/index.php\/wp-json\/wp\/v2\/pages\/370","targetHints":{"allow":["GET"]}}],"collection":[{"href":"https:\/\/laperseverance.org\/index.php\/wp-json\/wp\/v2\/pages"}],"about":[{"href":"https:\/\/laperseverance.org\/index.php\/wp-json\/wp\/v2\/types\/page"}],"author":[{"embeddable":true,"href":"https:\/\/laperseverance.org\/index.php\/wp-json\/wp\/v2\/users\/1"}],"replies":[{"embeddable":true,"href":"https:\/\/laperseverance.org\/index.php\/wp-json\/wp\/v2\/comments?post=370"}],"version-history":[{"count":72,"href":"https:\/\/laperseverance.org\/index.php\/wp-json\/wp\/v2\/pages\/370\/revisions"}],"predecessor-version":[{"id":1633,"href":"https:\/\/laperseverance.org\/index.php\/wp-json\/wp\/v2\/pages\/370\/revisions\/1633"}],"wp:attachment":[{"href":"https:\/\/laperseverance.org\/index.php\/wp-json\/wp\/v2\/media?parent=370"}],"curies":[{"name":"wp","href":"https:\/\/api.w.org\/{rel}","templated":true}]}}